{"id":588,"date":"2024-06-11T10:59:49","date_gmt":"2024-06-11T08:59:49","guid":{"rendered":"https:\/\/sites8.digitalya.es\/basstudio.es\/?page_id=588"},"modified":"2024-09-12T16:18:26","modified_gmt":"2024-09-12T14:18:26","slug":"politica-de-privacidad","status":"publish","type":"page","link":"https:\/\/basstudio.es\/politica-de-privacidad\/","title":{"rendered":"Pol\u00edtica de privacidad"},"content":{"rendered":"\t\t<div data-elementor-type=\"wp-page\" data-elementor-id=\"588\" class=\"elementor elementor-588\" data-elementor-post-type=\"page\">\n\t\t\t\t<div class=\"elementor-element elementor-element-8e9afbb e-flex e-con-boxed e-con e-parent\" data-id=\"8e9afbb\" data-element_type=\"container\" data-e-type=\"container\" data-settings=\"{&quot;background_background&quot;:&quot;classic&quot;,&quot;jet_parallax_layout_list&quot;:[]}\">\n\t\t\t\t\t<div class=\"e-con-inner\">\n\t\t\t\t<div class=\"elementor-element elementor-element-424d1e6 elementor-invisible elementor-widget elementor-widget-heading\" data-id=\"424d1e6\" data-element_type=\"widget\" data-e-type=\"widget\" data-settings=\"{&quot;_animation&quot;:&quot;fadeInLeft&quot;,&quot;_animation_delay&quot;:500}\" data-widget_type=\"heading.default\">\n\t\t\t\t<div class=\"elementor-widget-container\">\n\t\t\t\t\t<h1 class=\"elementor-heading-title elementor-size-default\">Pol\u00edtica de privacidad<\/h1>\t\t\t\t<\/div>\n\t\t\t\t<\/div>\n\t\t\t\t\t<\/div>\n\t\t\t\t<\/div>\n\t\t<div class=\"elementor-element elementor-element-b9c635a e-flex e-con-boxed e-con e-parent\" data-id=\"b9c635a\" data-element_type=\"container\" data-e-type=\"container\" data-settings=\"{&quot;jet_parallax_layout_list&quot;:[]}\">\n\t\t\t\t\t<div class=\"e-con-inner\">\n\t\t\t\t<div class=\"elementor-element elementor-element-cf4e1ca elementor-widget elementor-widget-text-editor\" data-id=\"cf4e1ca\" data-element_type=\"widget\" data-e-type=\"widget\" data-widget_type=\"text-editor.default\">\n\t\t\t\t<div class=\"elementor-widget-container\">\n\t\t\t\t\t\t\t\t\t<p>En la construcci\u00f3n de la p\u00e1gina web de Bas Studio se han adoptado medidas con el objetivo de que el mayor n\u00famero posible de personas puedan llegar a la informaci\u00f3n que se transmite en ella, independientemente de las limitaciones de la persona o de las que se deriven del contexto de uso.<\/p>\n<p>As\u00ed, en la confecci\u00f3n del portal se han tenido en cuenta los siguientes aspectos:<\/p>\n<ul>\n<li aria-level=\"1\">Uso de CSS para la presentaci\u00f3n de la informaci\u00f3n.<\/li>\n<li aria-level=\"1\">Etiquetas de marcaje.<\/li>\n<li aria-level=\"1\">Sistemas de navegaci\u00f3n usables, intuitivos y alternativos.<\/li>\n<li aria-level=\"1\">Descripciones alternativas en las im\u00e1genes.<\/li>\n<li aria-level=\"1\">Verificaciones en la visualizaci\u00f3n con diferentes navegadores y dispositivos.<\/li>\n<li aria-level=\"1\">Utilizaci\u00f3n de formatos universales y alternativos.<\/li>\n<li aria-level=\"1\">Los enlaces ofrecen detalles de la funci\u00f3n o destino del hiperv\u00ednculo.<\/li>\n<li aria-level=\"1\">Uso de los est\u00e1ndares del W3C.<\/li>\n<li aria-level=\"1\">Acceso mediante atajos teclado a las principales opciones.<\/li>\n<\/ul>\n<h3>Cumplimiento de los est\u00e1ndares<\/h3>\n<p>Las p\u00e1ginas de este sitio Web cumplen la marca AA seg\u00fan la Norma UNE 139803:2004 y las Directrices de Accesibilidad para el Contenido Web 1.0 del W3C. Todos los requisitos de Prioridad 1 y Prioridad 2 y un subconjunto de los requisitos de Prioridad 3 han sido comprobados con un an\u00e1lisis manual de la accesibilidad a trav\u00e9s de diferentes herramientas semi-autom\u00e1ticas y agentes de usuario.<\/p>\n<h3>Atajos de teclado<\/h3>\n<p>En esta Web puede hacer saltos ordenados en el contenido con la tecla Tab.<\/p>\n<h3>Tama\u00f1o del texto<\/h3>\n<p>El dise\u00f1o accesible permite que el usuario pueda ajustar las fuentes al tama\u00f1o que le convenga. Esta acci\u00f3n puede llevarse a cabo de diferentes maneras seg\u00fan el navegador web que se utilice. A continuaci\u00f3n se indica la acci\u00f3n de men\u00fa donde se encuentra esta funcionalidad en los navegadores m\u00e1s frecuentes:<\/p>\n<ul>\n<li aria-level=\"1\">Mozilla Firefox: Ver &gt; Tama\u00f1o de texto &gt; Incrementar Internet<\/li>\n<li aria-level=\"1\">Internet Explorer: Ver &gt; Tama\u00f1o de texto &gt; M\u00e1s grande<\/li>\n<li aria-level=\"1\">Opera: View &gt; Zoom &gt; %<\/li>\n<li aria-level=\"1\">Safari: View &gt; Make text bigger<\/li>\n<li aria-level=\"1\">Google Chrome: Herramientas &gt; Zoom<\/li>\n<\/ul>\n<h3>Configuraci\u00f3n t\u00e9cnica<\/h3>\n<p>Las p\u00e1ginas web est\u00e1n creadas con el CMS WordPress&nbsp;6.6.1<\/p>\n<h3>Informaci\u00f3n \u00fatil sobre la accesibilidad<\/h3>\n<p>Seguidamente se exponen una serie de enlaces organizados en diferentes categor\u00edas \u00fatiles para obtener m\u00e1s informaci\u00f3n sobre la accesibilidad.<\/p>\n<h4>Accesibilidad Normas Y Documentos T\u00e9cnicos:<\/h4>\n<p><a href=\"http:\/\/www.w3c.org\/\">http:\/\/www.w3c.org\/<br><\/a>Consorcio World Wide Web, grupo de trabajo de \u00e1mbito internacional que dicta l\u00edneas generales relacionadas con la web.<\/p>\n<p><a href=\"http:\/\/www.w3c.org\/wai\/\">http:\/\/www.w3c.org\/wai\/<br><\/a>Iniciativa de Accesibilidad Web del W3C.<\/p>\t\t\t\t\t\t\t\t<\/div>\n\t\t\t\t<\/div>\n\t\t\t\t\t<\/div>\n\t\t\t\t<\/div>\n\t\t\t\t<\/div>\n\t\t","protected":false},"excerpt":{"rendered":"<p>Pol\u00edtica de privacidad En la construcci\u00f3n de la p\u00e1gina web de Bas Studio se han adoptado medidas con el objetivo de que el mayor n\u00famero posible de personas puedan llegar a la informaci\u00f3n que se transmite en ella, independientemente de las limitaciones de la persona o de las que se deriven del contexto de uso. &#8230; <a title=\"Pol\u00edtica de privacidad\" class=\"read-more\" href=\"https:\/\/basstudio.es\/politica-de-privacidad\/\" aria-label=\"Leer m\u00e1s sobre Pol\u00edtica de privacidad\">Leer m\u00e1s<\/a><\/p>\n","protected":false},"author":33,"featured_media":0,"parent":0,"menu_order":0,"comment_status":"closed","ping_status":"closed","template":"elementor_header_footer","meta":{"footnotes":""},"class_list":["post-588","page","type-page","status-publish"],"yoast_head":"<!-- This site is optimized with the Yoast SEO plugin v27.4 - https:\/\/yoast.com\/product\/yoast-seo-wordpress\/ -->\n<title>Pol\u00edtica de privacidad - Bas STUDIO<\/title>\n<meta name=\"robots\" content=\"index, follow, max-snippet:-1, max-image-preview:large, max-video-preview:-1\" \/>\n<link rel=\"canonical\" href=\"https:\/\/basstudio.es\/politica-de-privacidad\/\" \/>\n<meta property=\"og:locale\" content=\"es_ES\" \/>\n<meta property=\"og:type\" content=\"article\" \/>\n<meta property=\"og:title\" content=\"Pol\u00edtica de privacidad - Bas STUDIO\" \/>\n<meta property=\"og:description\" content=\"Pol\u00edtica de privacidad En la construcci\u00f3n de la p\u00e1gina web de Bas Studio se han adoptado medidas con el objetivo de que el mayor n\u00famero posible de personas puedan llegar a la informaci\u00f3n que se transmite en ella, independientemente de las limitaciones de la persona o de las que se deriven del contexto de uso. ... Leer m\u00e1s\" \/>\n<meta property=\"og:url\" content=\"https:\/\/basstudio.es\/politica-de-privacidad\/\" \/>\n<meta property=\"og:site_name\" content=\"Bas STUDIO\" \/>\n<meta property=\"article:modified_time\" content=\"2024-09-12T14:18:26+00:00\" \/>\n<meta name=\"twitter:card\" content=\"summary_large_image\" \/>\n<meta name=\"twitter:label1\" content=\"Est. reading time\" \/>\n\t<meta name=\"twitter:data1\" content=\"2 minutes\" \/>\n<script type=\"application\/ld+json\" class=\"yoast-schema-graph\">{\"@context\":\"https:\\\/\\\/schema.org\",\"@graph\":[{\"@type\":\"WebPage\",\"@id\":\"https:\\\/\\\/basstudio.es\\\/politica-de-privacidad\\\/\",\"url\":\"https:\\\/\\\/basstudio.es\\\/politica-de-privacidad\\\/\",\"name\":\"Pol\u00edtica de privacidad - Bas STUDIO\",\"isPartOf\":{\"@id\":\"https:\\\/\\\/basstudio.es\\\/en\\\/#website\"},\"datePublished\":\"2024-06-11T08:59:49+00:00\",\"dateModified\":\"2024-09-12T14:18:26+00:00\",\"breadcrumb\":{\"@id\":\"https:\\\/\\\/basstudio.es\\\/politica-de-privacidad\\\/#breadcrumb\"},\"inLanguage\":\"es-ES\",\"potentialAction\":[{\"@type\":\"ReadAction\",\"target\":[\"https:\\\/\\\/basstudio.es\\\/politica-de-privacidad\\\/\"]}]},{\"@type\":\"BreadcrumbList\",\"@id\":\"https:\\\/\\\/basstudio.es\\\/politica-de-privacidad\\\/#breadcrumb\",\"itemListElement\":[{\"@type\":\"ListItem\",\"position\":1,\"name\":\"Portada\",\"item\":\"https:\\\/\\\/basstudio.es\\\/\"},{\"@type\":\"ListItem\",\"position\":2,\"name\":\"Pol\u00edtica de privacidad\"}]},{\"@type\":\"WebSite\",\"@id\":\"https:\\\/\\\/basstudio.es\\\/en\\\/#website\",\"url\":\"https:\\\/\\\/basstudio.es\\\/en\\\/\",\"name\":\"Bas STUDIO\",\"description\":\"\",\"publisher\":{\"@id\":\"https:\\\/\\\/basstudio.es\\\/en\\\/#organization\"},\"potentialAction\":[{\"@type\":\"SearchAction\",\"target\":{\"@type\":\"EntryPoint\",\"urlTemplate\":\"https:\\\/\\\/basstudio.es\\\/en\\\/?s={search_term_string}\"},\"query-input\":{\"@type\":\"PropertyValueSpecification\",\"valueRequired\":true,\"valueName\":\"search_term_string\"}}],\"inLanguage\":\"es-ES\"},{\"@type\":\"Organization\",\"@id\":\"https:\\\/\\\/basstudio.es\\\/en\\\/#organization\",\"name\":\"Bas STUDIO\",\"url\":\"https:\\\/\\\/basstudio.es\\\/en\\\/\",\"logo\":{\"@type\":\"ImageObject\",\"inLanguage\":\"es-ES\",\"@id\":\"https:\\\/\\\/basstudio.es\\\/en\\\/#\\\/schema\\\/logo\\\/image\\\/\",\"url\":\"https:\\\/\\\/basstudio.es\\\/wp-content\\\/uploads\\\/sites\\\/268\\\/2024\\\/05\\\/baslogo.png\",\"contentUrl\":\"https:\\\/\\\/basstudio.es\\\/wp-content\\\/uploads\\\/sites\\\/268\\\/2024\\\/05\\\/baslogo.png\",\"width\":267,\"height\":115,\"caption\":\"Bas STUDIO\"},\"image\":{\"@id\":\"https:\\\/\\\/basstudio.es\\\/en\\\/#\\\/schema\\\/logo\\\/image\\\/\"}}]}<\/script>\n<!-- \/ Yoast SEO plugin. -->","yoast_head_json":{"title":"Pol\u00edtica de privacidad - Bas STUDIO","robots":{"index":"index","follow":"follow","max-snippet":"max-snippet:-1","max-image-preview":"max-image-preview:large","max-video-preview":"max-video-preview:-1"},"canonical":"https:\/\/basstudio.es\/politica-de-privacidad\/","og_locale":"es_ES","og_type":"article","og_title":"Pol\u00edtica de privacidad - Bas STUDIO","og_description":"Pol\u00edtica de privacidad En la construcci\u00f3n de la p\u00e1gina web de Bas Studio se han adoptado medidas con el objetivo de que el mayor n\u00famero posible de personas puedan llegar a la informaci\u00f3n que se transmite en ella, independientemente de las limitaciones de la persona o de las que se deriven del contexto de uso. ... Leer m\u00e1s","og_url":"https:\/\/basstudio.es\/politica-de-privacidad\/","og_site_name":"Bas STUDIO","article_modified_time":"2024-09-12T14:18:26+00:00","twitter_card":"summary_large_image","twitter_misc":{"Est. reading time":"2 minutes"},"schema":{"@context":"https:\/\/schema.org","@graph":[{"@type":"WebPage","@id":"https:\/\/basstudio.es\/politica-de-privacidad\/","url":"https:\/\/basstudio.es\/politica-de-privacidad\/","name":"Pol\u00edtica de privacidad - Bas STUDIO","isPartOf":{"@id":"https:\/\/basstudio.es\/en\/#website"},"datePublished":"2024-06-11T08:59:49+00:00","dateModified":"2024-09-12T14:18:26+00:00","breadcrumb":{"@id":"https:\/\/basstudio.es\/politica-de-privacidad\/#breadcrumb"},"inLanguage":"es-ES","potentialAction":[{"@type":"ReadAction","target":["https:\/\/basstudio.es\/politica-de-privacidad\/"]}]},{"@type":"BreadcrumbList","@id":"https:\/\/basstudio.es\/politica-de-privacidad\/#breadcrumb","itemListElement":[{"@type":"ListItem","position":1,"name":"Portada","item":"https:\/\/basstudio.es\/"},{"@type":"ListItem","position":2,"name":"Pol\u00edtica de privacidad"}]},{"@type":"WebSite","@id":"https:\/\/basstudio.es\/en\/#website","url":"https:\/\/basstudio.es\/en\/","name":"Bas STUDIO","description":"","publisher":{"@id":"https:\/\/basstudio.es\/en\/#organization"},"potentialAction":[{"@type":"SearchAction","target":{"@type":"EntryPoint","urlTemplate":"https:\/\/basstudio.es\/en\/?s={search_term_string}"},"query-input":{"@type":"PropertyValueSpecification","valueRequired":true,"valueName":"search_term_string"}}],"inLanguage":"es-ES"},{"@type":"Organization","@id":"https:\/\/basstudio.es\/en\/#organization","name":"Bas STUDIO","url":"https:\/\/basstudio.es\/en\/","logo":{"@type":"ImageObject","inLanguage":"es-ES","@id":"https:\/\/basstudio.es\/en\/#\/schema\/logo\/image\/","url":"https:\/\/basstudio.es\/wp-content\/uploads\/sites\/268\/2024\/05\/baslogo.png","contentUrl":"https:\/\/basstudio.es\/wp-content\/uploads\/sites\/268\/2024\/05\/baslogo.png","width":267,"height":115,"caption":"Bas STUDIO"},"image":{"@id":"https:\/\/basstudio.es\/en\/#\/schema\/logo\/image\/"}}]}},"_links":{"self":[{"href":"https:\/\/basstudio.es\/en\/wp-json\/wp\/v2\/pages\/588","targetHints":{"allow":["GET"]}}],"collection":[{"href":"https:\/\/basstudio.es\/en\/wp-json\/wp\/v2\/pages"}],"about":[{"href":"https:\/\/basstudio.es\/en\/wp-json\/wp\/v2\/types\/page"}],"author":[{"embeddable":true,"href":"https:\/\/basstudio.es\/en\/wp-json\/wp\/v2\/users\/33"}],"replies":[{"embeddable":true,"href":"https:\/\/basstudio.es\/en\/wp-json\/wp\/v2\/comments?post=588"}],"version-history":[{"count":0,"href":"https:\/\/basstudio.es\/en\/wp-json\/wp\/v2\/pages\/588\/revisions"}],"wp:attachment":[{"href":"https:\/\/basstudio.es\/en\/wp-json\/wp\/v2\/media?parent=588"}],"curies":[{"name":"wp","href":"https:\/\/api.w.org\/{rel}","templated":true}]}}